{"id":113,"date":"2018-09-04T05:13:49","date_gmt":"2018-09-04T05:13:49","guid":{"rendered":"https:\/\/demo.themegrill.com\/zakra-wedding\/?page_id=4"},"modified":"2021-07-08T10:38:43","modified_gmt":"2021-07-08T16:38:43","slug":"home","status":"publish","type":"page","link":"http:\/\/www.wildberry.com.mx\/empresa\/","title":{"rendered":"Inicio"},"content":{"rendered":"\t\t<div data-elementor-type=\"wp-post\" data-elementor-id=\"113\" class=\"elementor elementor-113\" data-elementor-settings=\"[]\">\n\t\t\t\t\t\t<div class=\"elementor-inner\">\n\t\t\t\t\t\t\t<div class=\"elementor-section-wrap\">\n\t\t\t\t\t\t\t<section class=\"elementor-section elementor-top-section elementor-element elementor-element-4b0e7e9 elementor-section-stretched elementor-section-height-full elementor-section-boxed elementor-section-height-default elementor-section-items-middle\" data-id=\"4b0e7e9\" data-element_type=\"section\" data-settings=\"{&quot;stretch_section&quot;:&quot;section-stretched&quot;,&quot;background_background&quot;:&quot;classic&quot;}\">\n\t\t\t\t\t\t<div class=\"elementor-container elementor-column-gap-default\">\n\t\t\t\t\t\t\t<div class=\"elementor-row\">\n\t\t\t\t\t<div class=\"elementor-column elementor-col-100 elementor-top-column elementor-element elementor-element-9748371\" data-id=\"9748371\" data-element_type=\"column\">\n\t\t\t<div class=\"elementor-column-wrap elementor-element-populated\">\n\t\t\t\t\t\t\t<div class=\"elementor-widget-wrap\">\n\t\t\t\t\t\t<div class=\"elementor-element elementor-element-6cc9636 elementor-widget elementor-widget-image\" data-id=\"6cc9636\" data-element_type=\"widget\" data-widget_type=\"image.default\">\n\t\t\t\t<div class=\"elementor-widget-container\">\n\t\t\t\t\t\t\t\t<div class=\"elementor-image\">\n\t\t\t\t\t\t\t\t\t\t\t\t<img width=\"800\" height=\"214\" src=\"http:\/\/www.wildberry.com.mx\/empresa\/wp-content\/uploads\/2021\/07\/Logo-Wildberry.png\" class=\"attachment-full size-full\" alt=\"\" loading=\"lazy\" srcset=\"http:\/\/www.wildberry.com.mx\/empresa\/wp-content\/uploads\/2021\/07\/Logo-Wildberry.png 800w, http:\/\/www.wildberry.com.mx\/empresa\/wp-content\/uploads\/2021\/07\/Logo-Wildberry-300x80.png 300w, http:\/\/www.wildberry.com.mx\/empresa\/wp-content\/uploads\/2021\/07\/Logo-Wildberry-768x205.png 768w\" sizes=\"(max-width: 800px) 100vw, 800px\" \/>\t\t\t\t\t\t\t\t\t\t\t\t\t\t<\/div>\n\t\t\t\t\t\t<\/div>\n\t\t\t\t<\/div>\n\t\t\t\t<div class=\"elementor-element elementor-element-4df9892 elementor-widget elementor-widget-spacer\" data-id=\"4df9892\" data-element_type=\"widget\" data-widget_type=\"spacer.default\">\n\t\t\t\t<div class=\"elementor-widget-container\">\n\t\t\t\t\t<div class=\"elementor-spacer\">\n\t\t\t<div class=\"elementor-spacer-inner\"><\/div>\n\t\t<\/div>\n\t\t\t\t<\/div>\n\t\t\t\t<\/div>\n\t\t\t\t<div class=\"elementor-element elementor-element-b442891 elementor-widget elementor-widget-heading\" data-id=\"b442891\" data-element_type=\"widget\" data-widget_type=\"heading.default\">\n\t\t\t\t<div class=\"elementor-widget-container\">\n\t\t\t<h2 class=\"elementor-heading-title elementor-size-default\">\u00bfQui\u00e9nes somos?<\/h2>\t\t<\/div>\n\t\t\t\t<\/div>\n\t\t\t\t<div class=\"elementor-element elementor-element-b9f784b elementor-widget elementor-widget-text-editor\" data-id=\"b9f784b\" data-element_type=\"widget\" data-widget_type=\"text-editor.default\">\n\t\t\t\t<div class=\"elementor-widget-container\">\n\t\t\t\t\t\t\t\t<div class=\"elementor-text-editor elementor-clearfix\">\n\t\t\t\t\t<p style=\"text-align: center;\"><span style=\"color: #000000;\"><strong>Un equipo de expertos<\/strong> en Comercializaci\u00f3n, Distribuci\u00f3n, Importaci\u00f3n\/Exportaci\u00f3n y Fabricaci\u00f3n de Marcas de Consumo Masivo, ofrecemos:<\/span><\/p><p style=\"text-align: center;\"><span style=\"color: #000000;\">-Excelencia en Servicio al Cliente y al Consumidor.<\/span><br \/><span style=\"color: #000000;\">-Enfoque estrat\u00e9gico en Canales de Distribuci\u00f3n y sus Formatos de Tienda.<\/span><br \/><span style=\"color: #000000;\">&#8211; Inversi\u00f3n Integral y Promoci\u00f3n en todas nuestras marcas.<br \/><\/span><span style=\"color: #000000;\">-Experiencia en Ecommerce \/ DSV \/ Market Place.<\/span><br \/><span style=\"color: #000000;\">-Oficinas y Almac\u00e9n en M\u00e9xico y USA.<\/span><\/p>\t\t\t\t\t<\/div>\n\t\t\t\t\t\t<\/div>\n\t\t\t\t<\/div>\n\t\t\t\t\t\t<\/div>\n\t\t\t\t\t<\/div>\n\t\t<\/div>\n\t\t\t\t\t\t\t\t<\/div>\n\t\t\t\t\t<\/div>\n\t\t<\/section>\n\t\t\t\t<section class=\"elementor-section elementor-top-section elementor-element elementor-element-50b4875 elementor-section-boxed elementor-section-height-default elementor-section-height-default\" data-id=\"50b4875\" data-element_type=\"section\">\n\t\t\t\t\t\t<div class=\"elementor-container elementor-column-gap-default\">\n\t\t\t\t\t\t\t<div class=\"elementor-row\">\n\t\t\t\t\t<div class=\"elementor-column elementor-col-100 elementor-top-column elementor-element elementor-element-3065a62\" data-id=\"3065a62\" data-element_type=\"column\">\n\t\t\t<div class=\"elementor-column-wrap elementor-element-populated\">\n\t\t\t\t\t\t\t<div class=\"elementor-widget-wrap\">\n\t\t\t\t\t\t<div class=\"elementor-element elementor-element-4919bee elementor-widget elementor-widget-text-editor\" data-id=\"4919bee\" data-element_type=\"widget\" data-widget_type=\"text-editor.default\">\n\t\t\t\t<div class=\"elementor-widget-container\">\n\t\t\t\t\t\t\t\t<div class=\"elementor-text-editor elementor-clearfix\">\n\t\t\t\t\t<p style=\"text-align: center;\"><span style=\"color: #000000;\"><span style=\"font-size: small;\">WILDBERRY\u00ae<br \/>Francisco Villa #20, Colonia La Magdalena Atlazolpa, C.P. 09410, Iztapalapa, CDMX.<br \/>COPYRIGHT \u00a9 2019 WILDBERRY S.A.P.I. DE C.V. \/ TODOS LOS DERECHOS RESERVADOS.<\/span><\/span><\/p>\t\t\t\t\t<\/div>\n\t\t\t\t\t\t<\/div>\n\t\t\t\t<\/div>\n\t\t\t\t\t\t<\/div>\n\t\t\t\t\t<\/div>\n\t\t<\/div>\n\t\t\t\t\t\t\t\t<\/div>\n\t\t\t\t\t<\/div>\n\t\t<\/section>\n\t\t\t\t<section class=\"elementor-section elementor-top-section elementor-element elementor-element-105a31c elementor-section-boxed elementor-section-height-default elementor-section-height-default\" data-id=\"105a31c\" data-element_type=\"section\">\n\t\t\t\t\t\t<div class=\"elementor-container elementor-column-gap-default\">\n\t\t\t\t\t\t\t<div class=\"elementor-row\">\n\t\t\t\t\t<div class=\"elementor-column elementor-col-100 elementor-top-column elementor-element elementor-element-20badf7\" data-id=\"20badf7\" data-element_type=\"column\">\n\t\t\t<div class=\"elementor-column-wrap\">\n\t\t\t\t\t\t\t<div class=\"elementor-widget-wrap\">\n\t\t\t\t\t\t\t\t<\/div>\n\t\t\t\t\t<\/div>\n\t\t<\/div>\n\t\t\t\t\t\t\t\t<\/div>\n\t\t\t\t\t<\/div>\n\t\t<\/section>\n\t\t\t\t<section class=\"elementor-section elementor-top-section elementor-element elementor-element-c8519f6 elementor-section-boxed elementor-section-height-default elementor-section-height-default\" data-id=\"c8519f6\" data-element_type=\"section\">\n\t\t\t\t\t\t<div class=\"elementor-container elementor-column-gap-default\">\n\t\t\t\t\t\t\t<div class=\"elementor-row\">\n\t\t\t\t\t<div class=\"elementor-column elementor-col-100 elementor-top-column elementor-element elementor-element-b1effdc\" data-id=\"b1effdc\" data-element_type=\"column\">\n\t\t\t<div class=\"elementor-column-wrap elementor-element-populated\">\n\t\t\t\t\t\t\t<div class=\"elementor-widget-wrap\">\n\t\t\t\t\t\t<div class=\"elementor-element elementor-element-aefb2d1 elementor-widget elementor-widget-spacer\" data-id=\"aefb2d1\" data-element_type=\"widget\" data-widget_type=\"spacer.default\">\n\t\t\t\t<div class=\"elementor-widget-container\">\n\t\t\t\t\t<div class=\"elementor-spacer\">\n\t\t\t<div class=\"elementor-spacer-inner\"><\/div>\n\t\t<\/div>\n\t\t\t\t<\/div>\n\t\t\t\t<\/div>\n\t\t\t\t\t\t<\/div>\n\t\t\t\t\t<\/div>\n\t\t<\/div>\n\t\t\t\t\t\t\t\t<\/div>\n\t\t\t\t\t<\/div>\n\t\t<\/section>\n\t\t\t\t\t\t<\/div>\n\t\t\t\t\t\t<\/div>\n\t\t\t\t\t<\/div>\n\t\t","protected":false},"excerpt":{"rendered":"<p>\u00bfQui\u00e9nes somos? Un equipo de expertos en Comercializaci\u00f3n, Distribuci\u00f3n, Importaci\u00f3n\/Exportaci\u00f3n y Fabricaci\u00f3n de Marcas de Consumo Masivo, ofrecemos: -Excelencia en Servicio al Cliente y al Consumidor.-Enfoque estrat\u00e9gico en Canales de Distribuci\u00f3n y sus Formatos de Tienda.&#8211; Inversi\u00f3n Integral y Promoci\u00f3n en todas nuestras marcas.-Experiencia en Ecommerce \/ DSV \/ Market Place.-Oficinas y Almac\u00e9n en M\u00e9xico [&hellip;]<\/p>\n","protected":false},"author":1,"featured_media":0,"parent":0,"menu_order":0,"comment_status":"closed","ping_status":"closed","template":"elementor_header_footer","meta":[],"_links":{"self":[{"href":"http:\/\/www.wildberry.com.mx\/empresa\/wp-json\/wp\/v2\/pages\/113"}],"collection":[{"href":"http:\/\/www.wildberry.com.mx\/empresa\/wp-json\/wp\/v2\/pages"}],"about":[{"href":"http:\/\/www.wildberry.com.mx\/empresa\/wp-json\/wp\/v2\/types\/page"}],"author":[{"embeddable":true,"href":"http:\/\/www.wildberry.com.mx\/empresa\/wp-json\/wp\/v2\/users\/1"}],"replies":[{"embeddable":true,"href":"http:\/\/www.wildberry.com.mx\/empresa\/wp-json\/wp\/v2\/comments?post=113"}],"version-history":[{"count":347,"href":"http:\/\/www.wildberry.com.mx\/empresa\/wp-json\/wp\/v2\/pages\/113\/revisions"}],"predecessor-version":[{"id":847,"href":"http:\/\/www.wildberry.com.mx\/empresa\/wp-json\/wp\/v2\/pages\/113\/revisions\/847"}],"wp:attachment":[{"href":"http:\/\/www.wildberry.com.mx\/empresa\/wp-json\/wp\/v2\/media?parent=113"}],"curies":[{"name":"wp","href":"https:\/\/api.w.org\/{rel}","templated":true}]}}