{"id":113,"date":"2018-09-04T05:13:49","date_gmt":"2018-09-04T05:13:49","guid":{"rendered":"https:\/\/demo.themegrill.com\/zakra-wedding\/?page_id=4"},"modified":"2021-07-08T18:56:06","modified_gmt":"2021-07-09T00:56:06","slug":"home","status":"publish","type":"page","link":"http:\/\/www.wildberry.com.mx\/aprivacidad\/","title":{"rendered":"Inicio"},"content":{"rendered":"\t\t<div data-elementor-type=\"wp-post\" data-elementor-id=\"113\" class=\"elementor elementor-113\" data-elementor-settings=\"[]\">\n\t\t\t\t\t\t<div class=\"elementor-inner\">\n\t\t\t\t\t\t\t<div class=\"elementor-section-wrap\">\n\t\t\t\t\t\t\t<section class=\"elementor-section elementor-top-section elementor-element elementor-element-4b0e7e9 elementor-section-stretched elementor-section-height-full elementor-section-boxed elementor-section-height-default elementor-section-items-middle\" data-id=\"4b0e7e9\" data-element_type=\"section\" data-settings=\"{&quot;stretch_section&quot;:&quot;section-stretched&quot;,&quot;background_background&quot;:&quot;classic&quot;}\">\n\t\t\t\t\t\t<div class=\"elementor-container elementor-column-gap-default\">\n\t\t\t\t\t\t\t<div class=\"elementor-row\">\n\t\t\t\t\t<div class=\"elementor-column elementor-col-100 elementor-top-column elementor-element elementor-element-9748371\" data-id=\"9748371\" data-element_type=\"column\">\n\t\t\t<div class=\"elementor-column-wrap elementor-element-populated\">\n\t\t\t\t\t\t\t<div class=\"elementor-widget-wrap\">\n\t\t\t\t\t\t<div class=\"elementor-element elementor-element-6cc9636 elementor-widget elementor-widget-image\" data-id=\"6cc9636\" data-element_type=\"widget\" data-widget_type=\"image.default\">\n\t\t\t\t<div class=\"elementor-widget-container\">\n\t\t\t\t\t\t\t\t<div class=\"elementor-image\">\n\t\t\t\t\t\t\t\t\t\t\t\t<img width=\"800\" height=\"214\" src=\"http:\/\/www.wildberry.com.mx\/aprivacidad\/wp-content\/uploads\/2021\/07\/Logo-Wildberry.png\" class=\"attachment-full size-full\" alt=\"\" loading=\"lazy\" srcset=\"http:\/\/www.wildberry.com.mx\/aprivacidad\/wp-content\/uploads\/2021\/07\/Logo-Wildberry.png 800w, http:\/\/www.wildberry.com.mx\/aprivacidad\/wp-content\/uploads\/2021\/07\/Logo-Wildberry-300x80.png 300w, http:\/\/www.wildberry.com.mx\/aprivacidad\/wp-content\/uploads\/2021\/07\/Logo-Wildberry-768x205.png 768w\" sizes=\"(max-width: 800px) 100vw, 800px\" \/>\t\t\t\t\t\t\t\t\t\t\t\t\t\t<\/div>\n\t\t\t\t\t\t<\/div>\n\t\t\t\t<\/div>\n\t\t\t\t<div class=\"elementor-element elementor-element-4df9892 elementor-widget elementor-widget-spacer\" data-id=\"4df9892\" data-element_type=\"widget\" data-widget_type=\"spacer.default\">\n\t\t\t\t<div class=\"elementor-widget-container\">\n\t\t\t\t\t<div class=\"elementor-spacer\">\n\t\t\t<div class=\"elementor-spacer-inner\"><\/div>\n\t\t<\/div>\n\t\t\t\t<\/div>\n\t\t\t\t<\/div>\n\t\t\t\t<div class=\"elementor-element elementor-element-b442891 elementor-widget elementor-widget-heading\" data-id=\"b442891\" data-element_type=\"widget\" data-widget_type=\"heading.default\">\n\t\t\t\t<div class=\"elementor-widget-container\">\n\t\t\t<h2 class=\"elementor-heading-title elementor-size-default\">Aviso de Privacidad<\/h2>\t\t<\/div>\n\t\t\t\t<\/div>\n\t\t\t\t\t\t<\/div>\n\t\t\t\t\t<\/div>\n\t\t<\/div>\n\t\t\t\t\t\t\t\t<\/div>\n\t\t\t\t\t<\/div>\n\t\t<\/section>\n\t\t\t\t<section class=\"elementor-section elementor-top-section elementor-element elementor-element-50b4875 elementor-section-boxed elementor-section-height-default elementor-section-height-default\" data-id=\"50b4875\" data-element_type=\"section\">\n\t\t\t\t\t\t<div class=\"elementor-container elementor-column-gap-default\">\n\t\t\t\t\t\t\t<div class=\"elementor-row\">\n\t\t\t\t\t<div class=\"elementor-column elementor-col-100 elementor-top-column elementor-element elementor-element-3065a62\" data-id=\"3065a62\" data-element_type=\"column\">\n\t\t\t<div class=\"elementor-column-wrap elementor-element-populated\">\n\t\t\t\t\t\t\t<div class=\"elementor-widget-wrap\">\n\t\t\t\t\t\t<div class=\"elementor-element elementor-element-ed31524 elementor-widget elementor-widget-text-editor\" data-id=\"ed31524\" data-element_type=\"widget\" data-widget_type=\"text-editor.default\">\n\t\t\t\t<div class=\"elementor-widget-container\">\n\t\t\t\t\t\t\t\t<div class=\"elementor-text-editor elementor-clearfix\">\n\t\t\t\t\t<div id=\"page\" class=\"site tg-site\"><div id=\"content\" class=\"site-content\"><div class=\"tg-container tg-container--flex tg-container--flex-space-between\"><div class=\"elementor elementor-113\" data-elementor-type=\"wp-post\" data-elementor-id=\"113\" data-elementor-settings=\"[]\"><div class=\"elementor-inner\"><div class=\"elementor-section-wrap\"><section class=\"elementor-section elementor-top-section elementor-element elementor-element-323a866 elementor-section-boxed elementor-section-height-default elementor-section-height-default\" data-id=\"323a866\" data-element_type=\"section\"><div class=\"elementor-container elementor-column-gap-default\"><div class=\"elementor-row\"><div class=\"elementor-column elementor-col-100 elementor-top-column elementor-element elementor-element-bb80036\" data-id=\"bb80036\" data-element_type=\"column\"><div class=\"elementor-column-wrap elementor-element-populated\"><div class=\"elementor-widget-wrap\"><div class=\"elementor-element elementor-element-e63ef32 elementor-widget elementor-widget-text-editor\" data-id=\"e63ef32\" data-element_type=\"widget\" data-widget_type=\"text-editor.default\"><div class=\"elementor-widget-container\"><div class=\"elementor-text-editor elementor-clearfix\"><p><span style=\"color: #000000;\"><strong>RESPONSABLE DE LA PROTECCI\u00d3N DE SUS DATOS PERSONALES<\/strong><\/span><\/p><p><span style=\"color: #000000;\"><strong>WILDBERRY S.A.P.I. de C.V.,<\/strong> con domicilio ubicado en Francisco Villa 20, Colonia La Magdalena Atlazolpa, Iztapalapa, C.P. 09410, CDMX; es responsable del tratamiento de sus datos personales.<\/span><\/p><p><span style=\"color: #000000;\">El cumplimiento de lo establecido en la Ley Federal de Protecci\u00f3n de Datos Personales en Posesi\u00f3n de los particulares y su reglamento constituye una de nuestras principales preocupaciones, por lo que la informaci\u00f3n de nuestros clientes, proveedores, postulantes, empleados y terceras personas con las que\u00a0<strong>WILDBERRY S.A.P.I. de C.V.<\/strong><strong>,\u00a0<\/strong>mantiene relaciones comerciales o de cualquier otra \u00edndole es tratada de forma estrictamente confidencial.<\/span><\/p><p><span style=\"color: #000000;\"><strong>DEPARTAMENTO DE DATOS PERSONALES<\/strong><\/span><\/p><p><span style=\"color: #000000;\">El Departamento de Datos Personales, es el designado por\u00a0<strong>WILDBERRY S.A.P.I. de C.V.<\/strong><strong>,<\/strong>\u00a0para el tr\u00e1mite de solicitudes de los titulares, para el ejercicio de sus derechos derivados o inherentes a los datos personales.<\/span><\/p><p><span style=\"color: #000000;\">V\u00ednculos de Contacto:<\/span><\/p><p><span style=\"color: #000000;\">Domicilio: Francisco Villa 20, Colonia La Magdalena Atlazolpa, C.P. 09410, Iztapalapa, CDMX.<\/span><\/p><p><span style=\"color: #000000;\">Correo Electr\u00f3nico:\u00a0<a href=\"mailto:ventas@wildberry.com.mx\">ventas@wildberry.com.mx<\/a><\/span><\/p><p><span style=\"color: #000000;\">Tel\u00e9fono: <a href=\"tel:5570900210\">55 7090 0210<\/a>\u00a0\/\u00a0<a href=\"tel:5570954412\">55 7095 4412<\/a><\/span><\/p><p><span style=\"color: #000000;\"><strong>FINES DE RECABACI\u00d3N Y USO DE DATOS PERSONALES<\/strong><\/span><\/p><p><span style=\"color: #000000;\"><strong>WILDBERRY S.A.P.I. de C.V.,\u00a0<\/strong>tratar\u00e1 los datos personales del titular con la finalidad de llevar a cabo las actividades y gestiones enfocadas al cumplimiento de obligaciones comerciales con sus clientes y proveedores como pago, facturaci\u00f3n, cobro, entrega y suministro de productos y servicios, as\u00ed como para el cumplimiento de requerimientos legales.\u00a0<\/span><\/p><p><span style=\"color: #000000;\"><strong>WILDBERRY S.A.P.I. de C.V.,\u00a0<\/strong>puede recabar datos a trav\u00e9s de sus sitios web o mediante el uso de herramientas de captura autom\u00e1tica de datos, estas permitir\u00e1n recolectar informaci\u00f3n que env\u00eda su navegador a dichos sitios webs, como lo son el tipo de navegador que utiliza, el idioma de usuario, tiempos de acceso y la direcci\u00f3n IP.<\/span><\/p><p><span style=\"color: #000000;\">En caso de que\u00a0<strong>WILDBERRY S.A.P.I. de C.V.<\/strong><strong>,<\/strong>\u00a0recabe datos personales financieros, RFC, bienes materiales y dem\u00e1s relacionados obtendr\u00e1 el consentimiento del titular.<\/span><\/p><p><span style=\"color: #000000;\">Los datos personales ser\u00e1n utilizados para las siguientes finalidades:<\/span><\/p><p><span style=\"color: #000000;\">El titular puede solicitar a\u00a0<strong>WILDBERRY S.A.P.I. de C.V.<\/strong><strong>,<\/strong>\u00a0dejar de recibir mensajes promocionales por tel\u00e9fono fijo o celular, correo postal, correo electr\u00f3nico y dem\u00e1s medios permitidos por la Ley, siguiendo el procedimiento establecido para el efecto, que a continuaci\u00f3n se enuncia como sigue:<\/span><\/p><p><span style=\"color: #000000;\">1.-La solicitud deber\u00e1 contener:<\/span><\/p><ul><li><span style=\"color: #000000;\">El nombre del titular, domicilio y direcci\u00f3n e-mail para comunicarle la respuesta a su solicitud.<\/span><\/li><li><span style=\"color: #000000;\">Los documentos que acrediten la identidad, o en su caso, la representaci\u00f3n legal del titular.<\/span><\/li><li><span style=\"color: #000000;\">La descripci\u00f3n clara y precisa de los datos personales respecto de los cuales quiere limitar su uso o divulgaci\u00f3n.<\/span><\/li><\/ul><p><span style=\"color: #000000;\">Cualquier otro elemento o documento que facilite la localizaci\u00f3n de los datos personales correspondientes.<\/span><\/p><p><span style=\"color: #000000;\">2.- La solicitud deber\u00e1 ser enviada al Departamento de Datos Personales, por cualquier v\u00eda de comunicaci\u00f3n de los enunciados en el presente aviso de privacidad como v\u00ednculos de contacto.<\/span><\/p><p><span style=\"color: #000000;\">3.- Una vez recibida la solicitud de limitaci\u00f3n al uso o divulgaci\u00f3n de los datos personales, el Departamento de Datos Personales, tendr\u00e1 un plazo m\u00e1ximo de veinte d\u00edas h\u00e1biles, para resolver la petici\u00f3n de m\u00e9rito; misma que har\u00e1 efectiva en un t\u00e9rmino m\u00e1ximo de quince d\u00edas h\u00e1biles, contados a partir de la fecha en que se comunic\u00f3 al titular la respuesta.<\/span><\/p><p><span style=\"color: #000000;\">El procedimiento antes descrito, es gratuito; salvo los gastos justificados de env\u00edo (paqueter\u00eda) que se llegaren a ameritar, pueden correr a cargo del titular.<\/span><\/p><p><span style=\"color: #000000;\">El procedimiento en cuesti\u00f3n, se emite sin perjuicio por cualquier otro mecanismo m\u00e1s expedito que se llegar\u00e9 a colocar en cada medio de comunicaci\u00f3n.<\/span><\/p><p><span style=\"color: #000000;\"><strong>WILDBERRY S.A.P.I. de C.V.,<\/strong><\/span><\/p><ul><li><span style=\"color: #000000;\">Proveer los servicios y\/o productos requeridos por el titular.<\/span><\/li><li><span style=\"color: #000000;\">Informar sobre cambios o nuevos productos y\/o servicios que est\u00e9n relacionados con el contratado o adquirido por el titular.<\/span><\/li><li><span style=\"color: #000000;\">Dar cumplimiento a obligaciones contra\u00eddas con nuestros clientes.<\/span><\/li><li><span style=\"color: #000000;\">Evaluar la calidad del servicio.<\/span><\/li><li><span style=\"color: #000000;\">Realizar estudios internos sobre h\u00e1bitos de consumo.<\/span><\/li><li><span style=\"color: #000000;\">Enviar publicidad relevante propia o de terceros.<\/span><\/li><\/ul><p><span style=\"color: #000000;\"><strong>CONSENTIMIENTO<\/strong><\/span><\/p><p><span style=\"color: #000000;\">El titular consentir\u00e1 el tratamiento de sus Datos Personales, si no externa su negativa para el efecto, a trav\u00e9s de los v\u00ednculos de contacto referidos en el presente Aviso de Privacidad<\/span><\/p><p><span style=\"color: #000000;\"><strong>ACCESO, RECTIFICACI\u00d3N, CANCELACI\u00d3N U OPOSICI\u00d3N (DERECHOS ARCO) DEL USO DE DATOS PERSONALES<\/strong><\/span><\/p><p><span style=\"color: #000000;\">El titular puede solicitar a\u00a0<strong>WILDBERRY S.A.P.I. de C.V.<\/strong><strong>,<\/strong>\u00a0el acceso a sus datos personales que \u00e9sta posea, as\u00ed como a los detalles del tratamiento de los mismos, a la rectificaci\u00f3n en caso de ser inexactos o incompletos; cancelarlos cuando se considere que no se requieren para alguna de las finalidades se\u00f1aladas en el presente aviso de privacidad o est\u00e9n siendo utilizados para finalidades no consentidas o haya finalizado la relaci\u00f3n contractual o de servicio, o bien, oponerse al tratamiento de los mismos para fines espec\u00edficos, siguiendo el procedimiento establecido para el efecto, que a continuaci\u00f3n se enuncia como sigue:<\/span><\/p><ol><li><span style=\"color: #000000;\">La solicitud deber\u00e1 contener:<\/span><\/li><\/ol><ul><li><span style=\"color: #000000;\">El nombre del titular, domicilio y direcci\u00f3n e-mail para comunicarle la respuesta a su solicitud.<\/span><\/li><li><span style=\"color: #000000;\">Los documentos que acrediten la identidad, o en su caso, la representaci\u00f3n legal del titular.<\/span><\/li><li><span style=\"color: #000000;\">La descripci\u00f3n clara y precisa de los datos personales respecto de los que se busca ejercer alguno de los derechos antes mencionados.<\/span><\/li><li><span style=\"color: #000000;\">Cualquier otro elemento o documento que facilite la localizaci\u00f3n de los datos personales correspondientes.<\/span><\/li><\/ul><ol start=\"2\"><li><span style=\"color: #000000;\">La solicitud deber\u00e1 ser enviada al Departamento de Datos Personales, por cualquier v\u00eda de comunicaci\u00f3n de los enunciados en el presente aviso de privacidad como v\u00ednculos de contacto.<\/span><\/li><\/ol><ol start=\"3\"><li><span style=\"color: #000000;\">Una vez recibida la solicitud de limitaci\u00f3n al uso o divulgaci\u00f3n de los datos personales, el Departamento de Datos Personales, tendr\u00e1 un plazo m\u00e1ximo de veinte d\u00edas h\u00e1biles, para resolver la petici\u00f3n de m\u00e9rito; misma que har\u00e1 efectiva en un t\u00e9rmino m\u00e1ximo de quince d\u00edas h\u00e1biles, contados a partir de la fecha en que se comunic\u00f3 al titular la respuesta.<\/span><\/li><\/ol><p><span style=\"color: #000000;\">El procedimiento antes descrito, es gratuito; salvo los gastos justificados de env\u00edo (paqueter\u00eda) que se llegaren a ameritar, pueden correr a cargo del titular.<\/span><\/p><p><span style=\"color: #000000;\">Para mayor informaci\u00f3n, favor de comunicarse al Departamento de Datos Personales.<\/span><\/p><p><span style=\"color: #000000;\"><strong>PROCEDIMIENTO PARA REVOCAR EL CONSENTIMIENTO PARA EL TRATAMIENTO DE LOS DATOS PERSONALES<\/strong><\/span><\/p><p><span style=\"color: #000000;\">El titular puede solicitar a\u00a0<strong>WILDBERRY S.A.P.I. de C.V.<\/strong><strong>,<\/strong>\u00a0la revocaci\u00f3n del consentimiento otorgado para el tratamiento de sus datos personales, a fin de que se dejen de usar los mismos, siguiendo el procedimiento establecido para el efecto, que a continuaci\u00f3n se enuncia como sigue:<\/span><\/p><p><span style=\"color: #000000;\">1.La solicitud deber\u00e1 contener:<\/span><\/p><ul><li><span style=\"color: #000000;\">El nombre del titular, domicilio y direcci\u00f3n e-mail para comunicarle la respuesta a su solicitud.<\/span><\/li><li><span style=\"color: #000000;\">Los documentos que acrediten la identidad, o en su caso, la representaci\u00f3n legal del titular.<\/span><\/li><li><span style=\"color: #000000;\">La descripci\u00f3n clara y precisa de los datos personales respecto de los que se busca ejercer la revocaci\u00f3n del consentimiento de m\u00e9rito.<\/span><\/li><\/ul><ol start=\"2\"><li><span style=\"color: #000000;\">Cualquier otro elemento o documento que facilite la localizaci\u00f3n de los datos personales correspondientes.<\/span><\/li><\/ol><ol start=\"3\"><li><span style=\"color: #000000;\">La solicitud deber\u00e1 ser enviada al Departamento de Datos Personales, por cualquier v\u00eda de comunicaci\u00f3n de los enunciados en el presente aviso de privacidad como v\u00ednculos de contacto.<\/span><\/li><\/ol><p><span style=\"color: #000000;\">Una vez recibida la solicitud de limitaci\u00f3n al uso o divulgaci\u00f3n de los datos personales, el Departamento de Datos Personales, tendr\u00e1 un plazo m\u00e1ximo de veinte d\u00edas h\u00e1biles, para resolver la petici\u00f3n de m\u00e9rito; misma que har\u00e1 efectiva en un t\u00e9rmino m\u00e1ximo de quince d\u00edas h\u00e1biles, contados a partir de la fecha en que se comunic\u00f3 al titular la respuesta.<\/span><\/p><p><span style=\"color: #000000;\">El procedimiento antes descrito, es gratuito; salvo los gastos justificados de env\u00edo (paqueter\u00eda) que se llegaren a ameritar, pueden correr a cargo del titular.<\/span><\/p><p><span style=\"color: #000000;\">Para mayor informaci\u00f3n, favor de comunicarse al Departamento de Datos Personales.<\/span><\/p><p><span style=\"color: #000000;\"><strong>TRANSFERENCIA DE DATOS PERSONALES<\/strong><\/span><\/p><p><span style=\"color: #000000;\"><strong>WILDBERRY S.A.P.I. de C.V.,<\/strong>\u00a0no realiza transferencia de datos personales a terceros bajo ninguna circunstancia.<\/span><\/p><p><span style=\"color: #000000;\"><strong>MODIFICACIONES AL AVISO DE PRIVACIDAD<\/strong><\/span><\/p><p><span style=\"color: #000000;\"><strong>WILDBERRY S.A.P.I. de C.V.,<\/strong>\u00a0se reserva el derecho de efectuar en cualquier momento modificaciones o actualizaciones al presente aviso de privacidad, derivado de novedades legislativas, pol\u00edticas internas o nuevos requerimientos para la prestaci\u00f3n u ofrecimiento de nuestros servicios o productos.<\/span><\/p><p><span style=\"color: #000000;\">Asimismo, le informamos que es posible que\u00a0<strong>WILDBERRY S.A.P.I. de C.V.<\/strong><strong>,<\/strong>\u00a0no pueda cancelar o bloquear la totalidad de sus datos personales de conformidad con las leyes que le sean aplicables.<\/span><\/p><p><span style=\"color: #000000;\">Dichas modificaciones estar\u00e1n disponibles al p\u00fablico a trav\u00e9s de los siguientes medios:<\/span><\/p><ul><li><span style=\"color: #000000;\">En nuestra p\u00e1gina de internet (Secci\u00f3n Aviso de Privacidad) y\/o<\/span><\/li><li><span style=\"color: #000000;\">A trav\u00e9s del \u00faltimo correo electr\u00f3nico registrado de los titulares de los datos personales.<\/span><\/li><\/ul><p><span style=\"color: #000000;\"><strong>USO DE COOKIES Y WEB BEACONS<\/strong><\/span><\/p><p><span style=\"color: #000000;\">Las cookies son archivos de texto que son descargados autom\u00e1ticamente y almacenados en el disco duro del equipo de c\u00f3mputo del usuario al navegar en una p\u00e1gina de internet espec\u00edfica, que permiten recordar al servidor de Internet algunos datos sobre este usuario, entre ellos, sus preferencias para visualizaci\u00f3n de p\u00e1ginas es ese servidor, nombre y contrase\u00f1a.<\/span><\/p><p><span style=\"color: #000000;\">Por su parte, las web beacons son im\u00e1genes insertadas en una p\u00e1gina de Internet o correo inal\u00e1mbrico, que puede ser utilizado para monitorear el comportamiento de un visitante, como almacenar informaci\u00f3n sobre la direcci\u00f3n IP del usuario, duraci\u00f3n del tiempo de interacci\u00f3n en dicha p\u00e1gina y el tipo de navegador utilizado, entre otros.<\/span><\/p><p><span style=\"color: #000000;\">Se informa que\u00a0<strong>WILDBERRY S.A.P.I. de C.V.<\/strong><strong>,<\/strong>\u00a0utiliza cookies y web beacons para obtener informaci\u00f3n personal del titular, como las siguientes:<\/span><\/p><ul><li><span style=\"color: #000000;\">Tipo de navegador y sistema operativo.<\/span><\/li><li><span style=\"color: #000000;\">P\u00e1ginas de Internet visitadas.<\/span><\/li><li><span style=\"color: #000000;\">V\u00ednculos seguidos.<\/span><\/li><li><span style=\"color: #000000;\">La direcci\u00f3n IP.<\/span><\/li><li><span style=\"color: #000000;\">Sitios visitados antes de ingresar a los de\u00a0<strong>WILDBERRY S.A.P.I. de C.V.<\/strong><strong>,<\/strong><\/span><\/li><\/ul><p><span style=\"color: #000000;\">Estas cookies y otras tecnolog\u00edas pueden ser deshabilitadas.<\/span><\/p><p><span style=\"color: #000000;\"><strong>QUEJAS Y DENUNCIAS POR EL TRATAMIENTO INDEBIDO DE SUS DATOS PERSONALES<\/strong><\/span><\/p><p><span style=\"color: #000000;\">Si el titular considera que sus derechos de protecci\u00f3n de datos personales han sido lesionados por alguna conducta imputable a\u00a0<strong>WILDBERRY S.A.P.I. de C.V.<\/strong><strong>,<\/strong>\u00a0que deriven directamente en una vulneraci\u00f3n a las disposiciones previstas en la Ley Federal de Protecci\u00f3n de Datos Personales en Posesi\u00f3n de los Particulares, se podr\u00e1 interponer la queja o denuncia correspondiente ante el Instituto Federal de Acceso a la Informaci\u00f3n P\u00fablica (IFAI), para mayor informaci\u00f3n visite\u00a0<a style=\"color: #000000;\" href=\"http:\/\/www.ifai.org.mx\/\">www.ifai.org.mx<\/a><\/span><\/p><p><span style=\"color: #000000;\">La empresa asume que todos los datos de car\u00e1cter personal que se nos hayan suministrado son verdaderos y precisos, por lo que queda a su cargo comunicar a la empresa cualquier modificaci\u00f3n de los mismos.<\/span><\/p><p><span style=\"color: #000000;\">De conformidad con lo previsto en los art\u00edculos 8, 9,13, y 36 de la Ley para la Protecci\u00f3n de Datos Personales en Posesi\u00f3n de Particulares, reconozco que entiendo los alcances del Aviso de Privacidad de\u00a0<strong>WILDBERRY S.A.P.I. de C.V.<\/strong><strong>,<\/strong>\u00a0y por tanto autorizo para que recaben y traten mis datos personales, para los fines establecidos de conformidad con lo previsto en el presente Aviso de Privacidad, seg\u00fan el mismo pueda ser eventualmente modificado y las disposiciones legales aplicables.<\/span><\/p><\/div><\/div><\/div><\/div><\/div><\/div><\/div><\/div><\/section><\/div><\/div><\/div><\/div><\/div><\/div>\t\t\t\t\t<\/div>\n\t\t\t\t\t\t<\/div>\n\t\t\t\t<\/div>\n\t\t\t\t<div class=\"elementor-element elementor-element-4919bee elementor-widget elementor-widget-text-editor\" data-id=\"4919bee\" data-element_type=\"widget\" data-widget_type=\"text-editor.default\">\n\t\t\t\t<div class=\"elementor-widget-container\">\n\t\t\t\t\t\t\t\t<div class=\"elementor-text-editor elementor-clearfix\">\n\t\t\t\t\t<p style=\"text-align: center;\"><span style=\"color: #000000;\"><span style=\"font-size: small;\">WILDBERRY\u00ae<br \/>Francisco Villa #20, Colonia La Magdalena Atlazolpa, C.P. 09410, Iztapalapa, CDMX.<br \/>COPYRIGHT \u00a9 2019 WILDBERRY S.A.P.I. DE C.V. \/ TODOS LOS DERECHOS RESERVADOS.<\/span><\/span><\/p>\t\t\t\t\t<\/div>\n\t\t\t\t\t\t<\/div>\n\t\t\t\t<\/div>\n\t\t\t\t\t\t<\/div>\n\t\t\t\t\t<\/div>\n\t\t<\/div>\n\t\t\t\t\t\t\t\t<\/div>\n\t\t\t\t\t<\/div>\n\t\t<\/section>\n\t\t\t\t\t\t<\/div>\n\t\t\t\t\t\t<\/div>\n\t\t\t\t\t<\/div>\n\t\t","protected":false},"excerpt":{"rendered":"<p>Aviso de Privacidad RESPONSABLE DE LA PROTECCI\u00d3N DE SUS DATOS PERSONALES WILDBERRY S.A.P.I. de C.V., con domicilio ubicado en Francisco Villa 20, Colonia La Magdalena Atlazolpa, Iztapalapa, C.P. 09410, CDMX; es responsable del tratamiento de sus datos personales. El cumplimiento de lo establecido en la Ley Federal de Protecci\u00f3n de Datos Personales en Posesi\u00f3n de [&hellip;]<\/p>\n","protected":false},"author":1,"featured_media":0,"parent":0,"menu_order":0,"comment_status":"closed","ping_status":"closed","template":"elementor_header_footer","meta":[],"_links":{"self":[{"href":"http:\/\/www.wildberry.com.mx\/aprivacidad\/wp-json\/wp\/v2\/pages\/113"}],"collection":[{"href":"http:\/\/www.wildberry.com.mx\/aprivacidad\/wp-json\/wp\/v2\/pages"}],"about":[{"href":"http:\/\/www.wildberry.com.mx\/aprivacidad\/wp-json\/wp\/v2\/types\/page"}],"author":[{"embeddable":true,"href":"http:\/\/www.wildberry.com.mx\/aprivacidad\/wp-json\/wp\/v2\/users\/1"}],"replies":[{"embeddable":true,"href":"http:\/\/www.wildberry.com.mx\/aprivacidad\/wp-json\/wp\/v2\/comments?post=113"}],"version-history":[{"count":368,"href":"http:\/\/www.wildberry.com.mx\/aprivacidad\/wp-json\/wp\/v2\/pages\/113\/revisions"}],"predecessor-version":[{"id":869,"href":"http:\/\/www.wildberry.com.mx\/aprivacidad\/wp-json\/wp\/v2\/pages\/113\/revisions\/869"}],"wp:attachment":[{"href":"http:\/\/www.wildberry.com.mx\/aprivacidad\/wp-json\/wp\/v2\/media?parent=113"}],"curies":[{"name":"wp","href":"https:\/\/api.w.org\/{rel}","templated":true}]}}